{"id":28,"date":"2012-05-22T20:43:52","date_gmt":"2012-05-22T20:43:52","guid":{"rendered":"http:\/\/aliquando.id-3.net\/?page_id=28"},"modified":"2018-05-22T14:53:31","modified_gmt":"2018-05-22T18:53:31","slug":"mes-proprietes","status":"publish","type":"page","link":"https:\/\/equipejeanlegault.com\/en\/mes-proprietes\/","title":{"rendered":"Our properties"},"content":{"rendered":"<p>&nbsp;<\/p>\n<p><\/p>","protected":false},"excerpt":{"rendered":"<p>&nbsp;<\/p>\n","protected":false},"author":1,"featured_media":0,"parent":0,"menu_order":10,"comment_status":"open","ping_status":"closed","template":"t_listings.php","meta":{"_acf_changed":false,"footnotes":""},"class_list":["post-28","page","type-page","status-publish","hentry"],"acf":[],"yoast_head":"<!-- This site is optimized with the Yoast SEO plugin v26.7 - https:\/\/yoast.com\/wordpress\/plugins\/seo\/ -->\n<title>Propri\u00e9t\u00e9s \u00e0 vendre Saint-Bruno, Boucherville<\/title>\n<meta name=\"description\" content=\"\u00cates-vous \u00e0 la recherche d&#039;une propri\u00e9t\u00e9 \u00e0 Saint-Bruno, Boucherville et Longueuil? D\u00e9couvrez les propri\u00e9t\u00e9s offertes par Alain Jean &amp; Nathalie Legault, courtier immobilier RE\/MAX. Pour information, appelez au : 450-653-6000.\" \/>\n<meta name=\"robots\" content=\"index, follow, max-snippet:-1, max-image-preview:large, max-video-preview:-1\" \/>\n<link rel=\"canonical\" href=\"https:\/\/equipejeanlegault.com\/mes-proprietes\/\" \/>\n<meta property=\"og:locale\" content=\"en_US\" \/>\n<meta property=\"og:type\" content=\"article\" \/>\n<meta property=\"og:title\" content=\"Propri\u00e9t\u00e9s \u00e0 vendre Saint-Bruno, Boucherville\" \/>\n<meta property=\"og:description\" content=\"\u00cates-vous \u00e0 la recherche d&#039;une propri\u00e9t\u00e9 \u00e0 Saint-Bruno, Boucherville et Longueuil? D\u00e9couvrez les propri\u00e9t\u00e9s offertes par Alain Jean &amp; Nathalie Legault, courtier immobilier RE\/MAX. Pour information, appelez au : 450-653-6000.\" \/>\n<meta property=\"og:url\" content=\"https:\/\/equipejeanlegault.com\/mes-proprietes\/\" \/>\n<meta property=\"og:site_name\" content=\"Alain Jean et Nathalie Legault\" \/>\n<meta property=\"article:publisher\" content=\"https:\/\/www.facebook.com\/nathalieetalain\/\" \/>\n<meta property=\"article:modified_time\" content=\"2018-05-22T18:53:31+00:00\" \/>\n<meta property=\"og:image\" content=\"https:\/\/equipejeanlegault.com\/files\/2025\/11\/Header_Facebook_2025.jpg\" \/>\n<meta name=\"twitter:card\" content=\"summary_large_image\" \/>\n<meta name=\"twitter:image\" content=\"https:\/\/equipejeanlegault.com\/files\/2025\/11\/Header_Facebook_2025.jpg\" \/>\n<script type=\"application\/ld+json\" class=\"yoast-schema-graph\">{\"@context\":\"https:\/\/schema.org\",\"@graph\":[{\"@type\":\"WebPage\",\"@id\":\"https:\/\/equipejeanlegault.com\/mes-proprietes\/\",\"url\":\"https:\/\/equipejeanlegault.com\/mes-proprietes\/\",\"name\":\"Propri\u00e9t\u00e9s \u00e0 vendre Saint-Bruno, Boucherville\",\"isPartOf\":{\"@id\":\"https:\/\/equipejeanlegault.com\/#website\"},\"datePublished\":\"2012-05-22T20:43:52+00:00\",\"dateModified\":\"2018-05-22T18:53:31+00:00\",\"description\":\"\u00cates-vous \u00e0 la recherche d'une propri\u00e9t\u00e9 \u00e0 Saint-Bruno, Boucherville et Longueuil? D\u00e9couvrez les propri\u00e9t\u00e9s offertes par Alain Jean & Nathalie Legault, courtier immobilier RE\/MAX. Pour information, appelez au : 450-653-6000.\",\"breadcrumb\":{\"@id\":\"https:\/\/equipejeanlegault.com\/mes-proprietes\/#breadcrumb\"},\"inLanguage\":\"en-US\",\"potentialAction\":[{\"@type\":\"ReadAction\",\"target\":[\"https:\/\/equipejeanlegault.com\/mes-proprietes\/\"]}]},{\"@type\":\"BreadcrumbList\",\"@id\":\"https:\/\/equipejeanlegault.com\/mes-proprietes\/#breadcrumb\",\"itemListElement\":[{\"@type\":\"ListItem\",\"position\":1,\"name\":\"Accueil\",\"item\":\"https:\/\/equipejeanlegault.com\/\"},{\"@type\":\"ListItem\",\"position\":2,\"name\":\"Nos propri\u00e9t\u00e9s\"}]},{\"@type\":\"WebSite\",\"@id\":\"https:\/\/equipejeanlegault.com\/#website\",\"url\":\"https:\/\/equipejeanlegault.com\/\",\"name\":\"Alain Jean et Nathalie Legault\",\"description\":\"Un site du r\u00e9seau Aliquando\",\"publisher\":{\"@id\":\"https:\/\/equipejeanlegault.com\/#organization\"},\"potentialAction\":[{\"@type\":\"SearchAction\",\"target\":{\"@type\":\"EntryPoint\",\"urlTemplate\":\"https:\/\/equipejeanlegault.com\/?s={search_term_string}\"},\"query-input\":{\"@type\":\"PropertyValueSpecification\",\"valueRequired\":true,\"valueName\":\"search_term_string\"}}],\"inLanguage\":\"en-US\"},{\"@type\":\"Organization\",\"@id\":\"https:\/\/equipejeanlegault.com\/#organization\",\"name\":\"Alain Jean et Nathalie Legault\",\"url\":\"https:\/\/equipejeanlegault.com\/\",\"logo\":{\"@type\":\"ImageObject\",\"inLanguage\":\"en-US\",\"@id\":\"https:\/\/equipejeanlegault.com\/#\/schema\/logo\/image\/\",\"url\":\"https:\/\/equipejeanlegault.com\/files\/2025\/11\/Header_Facebook_2025.jpg\",\"contentUrl\":\"https:\/\/equipejeanlegault.com\/files\/2025\/11\/Header_Facebook_2025.jpg\",\"width\":828,\"height\":315,\"caption\":\"Alain Jean et Nathalie Legault\"},\"image\":{\"@id\":\"https:\/\/equipejeanlegault.com\/#\/schema\/logo\/image\/\"},\"sameAs\":[\"https:\/\/www.facebook.com\/nathalieetalain\/\"]}]}<\/script>\n<!-- \/ Yoast SEO plugin. -->","yoast_head_json":{"title":"Propri\u00e9t\u00e9s \u00e0 vendre Saint-Bruno, Boucherville","description":"\u00cates-vous \u00e0 la recherche d'une propri\u00e9t\u00e9 \u00e0 Saint-Bruno, Boucherville et Longueuil? D\u00e9couvrez les propri\u00e9t\u00e9s offertes par Alain Jean & Nathalie Legault, courtier immobilier RE\/MAX. Pour information, appelez au : 450-653-6000.","robots":{"index":"index","follow":"follow","max-snippet":"max-snippet:-1","max-image-preview":"max-image-preview:large","max-video-preview":"max-video-preview:-1"},"canonical":"https:\/\/equipejeanlegault.com\/mes-proprietes\/","og_locale":"en_US","og_type":"article","og_title":"Propri\u00e9t\u00e9s \u00e0 vendre Saint-Bruno, Boucherville","og_description":"\u00cates-vous \u00e0 la recherche d'une propri\u00e9t\u00e9 \u00e0 Saint-Bruno, Boucherville et Longueuil? D\u00e9couvrez les propri\u00e9t\u00e9s offertes par Alain Jean & Nathalie Legault, courtier immobilier RE\/MAX. Pour information, appelez au : 450-653-6000.","og_url":"https:\/\/equipejeanlegault.com\/mes-proprietes\/","og_site_name":"Alain Jean et Nathalie Legault","article_publisher":"https:\/\/www.facebook.com\/nathalieetalain\/","article_modified_time":"2018-05-22T18:53:31+00:00","og_image":[{"url":"https:\/\/equipejeanlegault.com\/files\/2025\/11\/Header_Facebook_2025.jpg","type":"","width":"","height":""}],"twitter_card":"summary_large_image","twitter_image":"https:\/\/equipejeanlegault.com\/files\/2025\/11\/Header_Facebook_2025.jpg","schema":{"@context":"https:\/\/schema.org","@graph":[{"@type":"WebPage","@id":"https:\/\/equipejeanlegault.com\/mes-proprietes\/","url":"https:\/\/equipejeanlegault.com\/mes-proprietes\/","name":"Propri\u00e9t\u00e9s \u00e0 vendre Saint-Bruno, Boucherville","isPartOf":{"@id":"https:\/\/equipejeanlegault.com\/#website"},"datePublished":"2012-05-22T20:43:52+00:00","dateModified":"2018-05-22T18:53:31+00:00","description":"\u00cates-vous \u00e0 la recherche d'une propri\u00e9t\u00e9 \u00e0 Saint-Bruno, Boucherville et Longueuil? D\u00e9couvrez les propri\u00e9t\u00e9s offertes par Alain Jean & Nathalie Legault, courtier immobilier RE\/MAX. Pour information, appelez au : 450-653-6000.","breadcrumb":{"@id":"https:\/\/equipejeanlegault.com\/mes-proprietes\/#breadcrumb"},"inLanguage":"en-US","potentialAction":[{"@type":"ReadAction","target":["https:\/\/equipejeanlegault.com\/mes-proprietes\/"]}]},{"@type":"BreadcrumbList","@id":"https:\/\/equipejeanlegault.com\/mes-proprietes\/#breadcrumb","itemListElement":[{"@type":"ListItem","position":1,"name":"Accueil","item":"https:\/\/equipejeanlegault.com\/"},{"@type":"ListItem","position":2,"name":"Nos propri\u00e9t\u00e9s"}]},{"@type":"WebSite","@id":"https:\/\/equipejeanlegault.com\/#website","url":"https:\/\/equipejeanlegault.com\/","name":"Alain Jean et Nathalie Legault","description":"Un site du r\u00e9seau Aliquando","publisher":{"@id":"https:\/\/equipejeanlegault.com\/#organization"},"potentialAction":[{"@type":"SearchAction","target":{"@type":"EntryPoint","urlTemplate":"https:\/\/equipejeanlegault.com\/?s={search_term_string}"},"query-input":{"@type":"PropertyValueSpecification","valueRequired":true,"valueName":"search_term_string"}}],"inLanguage":"en-US"},{"@type":"Organization","@id":"https:\/\/equipejeanlegault.com\/#organization","name":"Alain Jean et Nathalie Legault","url":"https:\/\/equipejeanlegault.com\/","logo":{"@type":"ImageObject","inLanguage":"en-US","@id":"https:\/\/equipejeanlegault.com\/#\/schema\/logo\/image\/","url":"https:\/\/equipejeanlegault.com\/files\/2025\/11\/Header_Facebook_2025.jpg","contentUrl":"https:\/\/equipejeanlegault.com\/files\/2025\/11\/Header_Facebook_2025.jpg","width":828,"height":315,"caption":"Alain Jean et Nathalie Legault"},"image":{"@id":"https:\/\/equipejeanlegault.com\/#\/schema\/logo\/image\/"},"sameAs":["https:\/\/www.facebook.com\/nathalieetalain\/"]}]}},"_links":{"self":[{"href":"https:\/\/equipejeanlegault.com\/en\/wp-json\/wp\/v2\/pages\/28","targetHints":{"allow":["GET"]}}],"collection":[{"href":"https:\/\/equipejeanlegault.com\/en\/wp-json\/wp\/v2\/pages"}],"about":[{"href":"https:\/\/equipejeanlegault.com\/en\/wp-json\/wp\/v2\/types\/page"}],"author":[{"embeddable":true,"href":"https:\/\/equipejeanlegault.com\/en\/wp-json\/wp\/v2\/users\/1"}],"replies":[{"embeddable":true,"href":"https:\/\/equipejeanlegault.com\/en\/wp-json\/wp\/v2\/comments?post=28"}],"version-history":[{"count":2,"href":"https:\/\/equipejeanlegault.com\/en\/wp-json\/wp\/v2\/pages\/28\/revisions"}],"predecessor-version":[{"id":1917,"href":"https:\/\/equipejeanlegault.com\/en\/wp-json\/wp\/v2\/pages\/28\/revisions\/1917"}],"wp:attachment":[{"href":"https:\/\/equipejeanlegault.com\/en\/wp-json\/wp\/v2\/media?parent=28"}],"curies":[{"name":"wp","href":"https:\/\/api.w.org\/{rel}","templated":true}]}}